{"id":1358,"date":"2022-01-26T23:10:26","date_gmt":"2022-01-26T22:10:26","guid":{"rendered":"https:\/\/www.plakures.holiday\/?page_id=1358"},"modified":"2023-12-28T15:50:27","modified_gmt":"2023-12-28T14:50:27","slug":"preise","status":"publish","type":"page","link":"https:\/\/www.plakures.holiday\/de\/preise","title":{"rendered":"Preise"},"content":{"rendered":"<p>[et_pb_section fb_built=&#8220;1&#8243; _builder_version=&#8220;4.16&#8243; _module_preset=&#8220;default&#8220; global_colors_info=&#8220;{}&#8220;][et_pb_row _builder_version=&#8220;4.16&#8243; _module_preset=&#8220;default&#8220; global_colors_info=&#8220;{}&#8220;][et_pb_column type=&#8220;4_4&#8243; _builder_version=&#8220;4.16&#8243; _module_preset=&#8220;default&#8220; global_colors_info=&#8220;{}&#8220;][et_pb_text _builder_version=&#8220;4.23.1&#8243; _module_preset=&#8220;default&#8220; text_font=&#8220;Poppins|200|||||||&#8220; text_text_color=&#8220;#30b2dd&#8220; text_font_size=&#8220;24px&#8220; text_letter_spacing=&#8220;1px&#8220; text_line_height=&#8220;1.6em&#8220; header_font=&#8220;|200|||||||&#8220; header_text_color=&#8220;#0c97d3&#8243; header_font_size=&#8220;87px&#8220; header_letter_spacing=&#8220;16px&#8220; header_line_height=&#8220;1.5em&#8220; custom_margin=&#8220;-14px||-12px||false|false&#8220; hover_enabled=&#8220;0&#8243; text_font_size_tablet=&#8220;&#8220; text_font_size_phone=&#8220;13px&#8220; text_font_size_last_edited=&#8220;on|desktop&#8220; header_font_size_tablet=&#8220;82px&#8220; header_font_size_phone=&#8220;33px&#8220; header_font_size_last_edited=&#8220;on|phone&#8220; global_colors_info=&#8220;{}&#8220; sticky_enabled=&#8220;0&#8243; header_letter_spacing_last_edited=&#8220;on|tablet&#8220; header_letter_spacing_phone=&#8220;15px&#8220; header_letter_spacing_tablet=&#8220;16px&#8220;]<\/p>\n<h1 style=\"text-align: center;\">PLAKURES<\/h1>\n<p style=\"text-align: center;\"><span style=\"color: #808080;\">\u2014<\/span> Hotel \u22c5 Restaurant \u22c5 Pool \u22c5 Bar <span style=\"color: #808080;\">\u2014<\/span><\/p>\n<p>[\/et_pb_text][\/et_pb_column][\/et_pb_row][\/et_pb_section][et_pb_section fb_built=&#8220;1&#8243; _builder_version=&#8220;4.16&#8243; _module_preset=&#8220;default&#8220; global_colors_info=&#8220;{}&#8220;][et_pb_row _builder_version=&#8220;4.16&#8243; _module_preset=&#8220;default&#8220; global_colors_info=&#8220;{}&#8220;][et_pb_column type=&#8220;4_4&#8243; _builder_version=&#8220;4.16&#8243; _module_preset=&#8220;default&#8220; global_colors_info=&#8220;{}&#8220;][et_pb_text _builder_version=&#8220;4.23.1&#8243; _module_preset=&#8220;default&#8220; header_font=&#8220;Poppins|200|||||||&#8220; header_text_color=&#8220;#0C71C3&#8243; header_font_size=&#8220;42px&#8220; header_letter_spacing=&#8220;6px&#8220; hover_enabled=&#8220;0&#8243; header_font_size_tablet=&#8220;&#8220; header_font_size_phone=&#8220;25px&#8220; header_font_size_last_edited=&#8220;on|desktop&#8220; header_letter_spacing_tablet=&#8220;&#8220; header_letter_spacing_phone=&#8220;5px&#8220; header_letter_spacing_last_edited=&#8220;on|desktop&#8220; global_colors_info=&#8220;{}&#8220; sticky_enabled=&#8220;0&#8243;]<\/p>\n<h1 style=\"text-align: center;\"><a href=\"https:\/\/www.plakures.holiday\/wp-content\/uploads\/2023\/12\/Plakhttps:\/\/www.plakures.holiday\/wp-content\/uploads\/2023\/12\/Plakures-Preisliste-2024-Wochenpreise-1.pdfures-Preisliste-2024-Wochenpreise.pdf\" rel=\"attachment wp-att-3090\">\u00a0 UNSERE PREISLISTE 2024<\/a><\/h1>\n<p>[\/et_pb_text][\/et_pb_column][\/et_pb_row][et_pb_row _builder_version=&#8220;4.16&#8243; _module_preset=&#8220;default&#8220; max_width=&#8220;2560px&#8220; max_width_tablet=&#8220;&#8220; max_width_phone=&#8220;&#8220; max_width_last_edited=&#8220;on|desktop&#8220; global_colors_info=&#8220;{}&#8220;][et_pb_column type=&#8220;4_4&#8243; _builder_version=&#8220;4.16&#8243; _module_preset=&#8220;default&#8220; global_colors_info=&#8220;{}&#8220;][et_pb_text _builder_version=&#8220;4.23.1&#8243; _module_preset=&#8220;default&#8220; text_font_size=&#8220;24px&#8220; link_option_url_new_window=&#8220;on&#8220; hover_enabled=&#8220;0&#8243; text_font_size_tablet=&#8220;&#8220; text_font_size_phone=&#8220;21px&#8220; text_font_size_last_edited=&#8220;on|desktop&#8220; global_colors_info=&#8220;{}&#8220; sticky_enabled=&#8220;0&#8243;]<\/p>\n<p style=\"text-align: center;\">Vielen Dank f\u00fcr Ihr Interesse. Sie k\u00f6nnen im folgenden Link unsere Preisliste als PDF herunterladen.<a href=\"https:\/\/www.plakures.holiday\/wp-content\/uploads\/2023\/12\/Plakures-Preisliste-2024-Wochenpreise-1.pdf\" rel=\"attachment wp-att-3090\">Preisliste 2024<\/a><span style=\"color: #00ccff;\"><\/span><\/p>\n<p>[\/et_pb_text][\/et_pb_column][\/et_pb_row][\/et_pb_section][et_pb_section fb_built=&#8220;1&#8243; _builder_version=&#8220;4.16&#8243; _module_preset=&#8220;default&#8220; background_color=&#8220;rgba(12,182,209,0.08)&#8220; custom_margin=&#8220;40px||||false|false&#8220; border_color_all=&#8220;#0C71C3&#8243; global_colors_info=&#8220;{}&#8220;][et_pb_row _builder_version=&#8220;4.16&#8243; _module_preset=&#8220;default&#8220; border_radii=&#8220;on|5px|5px|5px|5px&#8220; global_colors_info=&#8220;{}&#8220;][et_pb_column type=&#8220;4_4&#8243; _builder_version=&#8220;4.16&#8243; _module_preset=&#8220;default&#8220; global_colors_info=&#8220;{}&#8220;][et_pb_contact_form captcha=&#8220;off&#8220; email=&#8220;info@plakures.de&#8220; custom_message=&#8220;Zimmertyp:   %%Zimmertyp%%||et_pb_line_break_holder||Zeitraum:      %%Zeitraum%%||et_pb_line_break_holder||||et_pb_line_break_holder||Name:  %%Name%%||et_pb_line_break_holder||Vorname: %%Vorname%%||et_pb_line_break_holder||Adresse:  %%Stra\u00dfe%%||et_pb_line_break_holder||Postleitzahl:  %%Postleitzahl%%||et_pb_line_break_holder||Wohnort:   %%Wohnort%%||et_pb_line_break_holder||Land:  %%Land%%||et_pb_line_break_holder||Telefon:  %%Telefon%%||et_pb_line_break_holder||||et_pb_line_break_holder||Erwachsene:  %%Erwachsene%%||et_pb_line_break_holder||Kinder:  %%Kinder%%||et_pb_line_break_holder||Alter der Kinder:  %%Alter_der_Kinder%%||et_pb_line_break_holder||||et_pb_line_break_holder||E-Mail Adresse:  %%E_mail%%||et_pb_line_break_holder||||et_pb_line_break_holder||Nachricht:  %%Nachricht%%&#8220; success_message=&#8220;Vielen Dank f\u00fcr Ihre Buchungsanfrage&#8220; _builder_version=&#8220;4.23.1&#8243; _module_preset=&#8220;default&#8220; _unique_id=&#8220;f197beec-27bf-48b5-afaf-7c7ae5b13339&#8243; form_field_background_color=&#8220;#FFFFFF&#8220; form_field_focus_background_color=&#8220;rgba(12,211,211,0.07)&#8220; form_field_focus_text_color=&#8220;#0a69b2&#8243; form_field_custom_margin=&#8220;0px||||false|false&#8220; captcha_font_size=&#8220;15px&#8220; form_field_font_size=&#8220;14px&#8220; custom_button=&#8220;on&#8220; button_text_size=&#8220;20px&#8220; button_bg_color=&#8220;#FFFFFF&#8220; button_border_radius=&#8220;4px&#8220; hover_enabled=&#8220;0&#8243; border_radii=&#8220;on|5px|5px|5px|5px&#8220; border_width_all=&#8220;2px&#8220; border_color_all=&#8220;rgba(12,133,204,0.67)&#8220; global_colors_info=&#8220;{}&#8220; sticky_enabled=&#8220;0&#8243; submit_button_text=&#8220;Senden&#8220;][et_pb_contact_field field_id=&#8220;Zimmertyp&#8220; field_title=&#8220;Zimmertyp    &#8220; field_type=&#8220;select&#8220; select_options=&#8220;%91{%22value%22:%22Doppelzimmer%22,%22checked%22:0,%22dragID%22:-1},{%22value%22:%22Doppelzimmer mit Zusatzbett%22,%22checked%22:0,%22dragID%22:0},{%22value%22:%22Doppelzimmer mit Einzelzimmer%22,%22checked%22:0,%22dragID%22:1},{%22value%22:%22Appartement%22,%22checked%22:0,%22dragID%22:2},{%22value%22:%22Appartement ( 4 Personen)%22,%22checked%22:0,%22dragID%22:3},{%22value%22:%22Dreibettzimmer%22,%22checked%22:0,%22dragID%22:4},{%22value%22:%22Vierbettzimmer%22,%22checked%22:0,%22dragID%22:5},{%22value%22:%22Appartement mit Einzelzimmer%22,%22checked%22:0,%22dragID%22:6},{%22value%22:%22Appartement mit Doppelzimmer%22,%22checked%22:0,%22dragID%22:7}%93&#8243; required_mark=&#8220;off&#8220; _builder_version=&#8220;4.23.1&#8243; _module_preset=&#8220;default&#8220; max_width=&#8220;50%&#8220; hover_enabled=&#8220;0&#8243; global_colors_info=&#8220;{}&#8220; sticky_enabled=&#8220;0&#8243;][\/et_pb_contact_field][et_pb_contact_field field_id=&#8220;Zeitraum&#8220; field_title=&#8220;Zeitraum   &#8220; _builder_version=&#8220;4.23.1&#8243; _module_preset=&#8220;default&#8220; hover_enabled=&#8220;0&#8243; global_colors_info=&#8220;{}&#8220; sticky_enabled=&#8220;0&#8243;][\/et_pb_contact_field][et_pb_contact_field field_id=&#8220;Name&#8220; field_title=&#8220;Name  &#8220; _builder_version=&#8220;4.23.1&#8243; hover_enabled=&#8220;0&#8243; global_colors_info=&#8220;{}&#8220; button_text_size__hover_enabled=&#8220;off&#8220; button_one_text_size__hover_enabled=&#8220;off&#8220; button_two_text_size__hover_enabled=&#8220;off&#8220; button_text_color__hover_enabled=&#8220;off&#8220; button_one_text_color__hover_enabled=&#8220;off&#8220; button_two_text_color__hover_enabled=&#8220;off&#8220; button_border_width__hover_enabled=&#8220;off&#8220; button_one_border_width__hover_enabled=&#8220;off&#8220; button_two_border_width__hover_enabled=&#8220;off&#8220; button_border_color__hover_enabled=&#8220;off&#8220; button_one_border_color__hover_enabled=&#8220;off&#8220; button_two_border_color__hover_enabled=&#8220;off&#8220; button_border_radius__hover_enabled=&#8220;off&#8220; button_one_border_radius__hover_enabled=&#8220;off&#8220; button_two_border_radius__hover_enabled=&#8220;off&#8220; button_letter_spacing__hover_enabled=&#8220;off&#8220; button_one_letter_spacing__hover_enabled=&#8220;off&#8220; button_two_letter_spacing__hover_enabled=&#8220;off&#8220; button_bg_color__hover_enabled=&#8220;off&#8220; button_one_bg_color__hover_enabled=&#8220;off&#8220; button_two_bg_color__hover_enabled=&#8220;off&#8220; sticky_enabled=&#8220;0&#8243;][\/et_pb_contact_field][et_pb_contact_field field_id=&#8220;Vorname&#8220; field_title=&#8220;Vorname &#8220; _builder_version=&#8220;4.23.1&#8243; _module_preset=&#8220;default&#8220; hover_enabled=&#8220;0&#8243; global_colors_info=&#8220;{}&#8220; sticky_enabled=&#8220;0&#8243;][\/et_pb_contact_field][et_pb_contact_field field_id=&#8220;Stra\u00dfe&#8220; field_title=&#8220;Stra\u00dfe&#8220; _builder_version=&#8220;4.23.1&#8243; _module_preset=&#8220;default&#8220; max_width=&#8220;50%&#8220; hover_enabled=&#8220;0&#8243; global_colors_info=&#8220;{}&#8220; sticky_enabled=&#8220;0&#8243;][\/et_pb_contact_field][et_pb_contact_field field_id=&#8220;Postleitzahl&#8220; field_title=&#8220;Postleitzahl&#8220; _builder_version=&#8220;4.23.1&#8243; _module_preset=&#8220;default&#8220; hover_enabled=&#8220;0&#8243; global_colors_info=&#8220;{}&#8220; sticky_enabled=&#8220;0&#8243;][\/et_pb_contact_field][et_pb_contact_field field_id=&#8220;Wohnort&#8220; field_title=&#8220;Wohnort&#8220; _builder_version=&#8220;4.23.1&#8243; _module_preset=&#8220;default&#8220; max_width=&#8220;50%&#8220; hover_enabled=&#8220;0&#8243; global_colors_info=&#8220;{}&#8220; sticky_enabled=&#8220;0&#8243;][\/et_pb_contact_field][et_pb_contact_field field_id=&#8220;Land&#8220; field_title=&#8220;Land&#8220; _builder_version=&#8220;4.23.1&#8243; _module_preset=&#8220;default&#8220; hover_enabled=&#8220;0&#8243; global_colors_info=&#8220;{}&#8220; sticky_enabled=&#8220;0&#8243;][\/et_pb_contact_field][et_pb_contact_field field_id=&#8220;Telefon&#8220; field_title=&#8220;Telefon  &#8220; _builder_version=&#8220;4.23.1&#8243; _module_preset=&#8220;default&#8220; max_width=&#8220;50%&#8220; hover_enabled=&#8220;0&#8243; global_colors_info=&#8220;{}&#8220; sticky_enabled=&#8220;0&#8243;][\/et_pb_contact_field][et_pb_contact_field field_id=&#8220;Erwachsene&#8220; field_title=&#8220;Erwachsene  &#8220; _builder_version=&#8220;4.23.1&#8243; _module_preset=&#8220;default&#8220; max_width=&#8220;50%&#8220; hover_enabled=&#8220;0&#8243; global_colors_info=&#8220;{}&#8220; sticky_enabled=&#8220;0&#8243;][\/et_pb_contact_field][et_pb_contact_field field_id=&#8220;Kinder&#8220; field_title=&#8220;Kinder   &#8220; _builder_version=&#8220;4.23.1&#8243; _module_preset=&#8220;default&#8220; max_width=&#8220;50%&#8220; hover_enabled=&#8220;0&#8243; global_colors_info=&#8220;{}&#8220; sticky_enabled=&#8220;0&#8243;][\/et_pb_contact_field][et_pb_contact_field field_id=&#8220;Alter_der_Kinder&#8220; field_title=&#8220;Alter der Kinder   &#8220; _builder_version=&#8220;4.23.1&#8243; _module_preset=&#8220;default&#8220; max_width=&#8220;50%&#8220; hover_enabled=&#8220;0&#8243; global_colors_info=&#8220;{}&#8220; sticky_enabled=&#8220;0&#8243; conditional_logic=&#8220;on&#8220; conditional_logic_rules=&#8220;%91{%22field%22:%22kinder%22,%22condition%22:%22is not%22,%22value%22:%220%22},{%22field%22:%22kinder%22,%22condition%22:%22is not empty%22,%22value%22:%22%22}%93&#8243; required_mark=&#8220;off&#8220;][\/et_pb_contact_field][et_pb_contact_field field_id=&#8220;E_mail&#8220; field_title=&#8220;E-Mail Adresse    &#8220; field_type=&#8220;email&#8220; fullwidth_field=&#8220;on&#8220; _builder_version=&#8220;4.23.1&#8243; _module_preset=&#8220;default&#8220; hover_enabled=&#8220;0&#8243; global_colors_info=&#8220;{}&#8220; sticky_enabled=&#8220;0&#8243;][\/et_pb_contact_field][et_pb_contact_field field_id=&#8220;Nachricht&#8220; field_title=&#8220;Nachricht&#8220; field_type=&#8220;text&#8220; fullwidth_field=&#8220;on&#8220; _builder_version=&#8220;4.17.4&#8243; global_colors_info=&#8220;{}&#8220; button_text_size__hover_enabled=&#8220;off&#8220; button_one_text_size__hover_enabled=&#8220;off&#8220; button_two_text_size__hover_enabled=&#8220;off&#8220; button_text_color__hover_enabled=&#8220;off&#8220; button_one_text_color__hover_enabled=&#8220;off&#8220; button_two_text_color__hover_enabled=&#8220;off&#8220; button_border_width__hover_enabled=&#8220;off&#8220; button_one_border_width__hover_enabled=&#8220;off&#8220; button_two_border_width__hover_enabled=&#8220;off&#8220; button_border_color__hover_enabled=&#8220;off&#8220; button_one_border_color__hover_enabled=&#8220;off&#8220; button_two_border_color__hover_enabled=&#8220;off&#8220; button_border_radius__hover_enabled=&#8220;off&#8220; button_one_border_radius__hover_enabled=&#8220;off&#8220; button_two_border_radius__hover_enabled=&#8220;off&#8220; button_letter_spacing__hover_enabled=&#8220;off&#8220; button_one_letter_spacing__hover_enabled=&#8220;off&#8220; button_two_letter_spacing__hover_enabled=&#8220;off&#8220; button_bg_color__hover_enabled=&#8220;off&#8220; button_one_bg_color__hover_enabled=&#8220;off&#8220; button_two_bg_color__hover_enabled=&#8220;off&#8220;][\/et_pb_contact_field][\/et_pb_contact_form][\/et_pb_column][\/et_pb_row][\/et_pb_section][et_pb_section fb_built=&#8220;1&#8243; _builder_version=&#8220;4.16&#8243; _module_preset=&#8220;default&#8220; background_color=&#8220;#ffffff&#8220; global_colors_info=&#8220;{}&#8220;][et_pb_row _builder_version=&#8220;4.16&#8243; _module_preset=&#8220;default&#8220; global_colors_info=&#8220;{}&#8220;][et_pb_column type=&#8220;4_4&#8243; _builder_version=&#8220;4.16&#8243; _module_preset=&#8220;default&#8220; global_colors_info=&#8220;{}&#8220;][et_pb_text _builder_version=&#8220;4.23.1&#8243; _module_preset=&#8220;default&#8220; text_font=&#8220;||||||||&#8220; text_font_size=&#8220;20px&#8220; text_line_height=&#8220;1.3em&#8220; header_text_align=&#8220;center&#8220; header_text_color=&#8220;#003496&#8243; header_font_size=&#8220;36px&#8220; header_letter_spacing=&#8220;1px&#8220; background_color=&#8220;#ffffff&#8220; text_orientation=&#8220;justified&#8220; hover_enabled=&#8220;0&#8243; text_font_size_tablet=&#8220;&#8220; text_font_size_phone=&#8220;14px&#8220; text_font_size_last_edited=&#8220;on|phone&#8220; header_font_size_tablet=&#8220;&#8220; header_font_size_phone=&#8220;25px&#8220; header_font_size_last_edited=&#8220;on|phone&#8220; global_colors_info=&#8220;{}&#8220; sticky_enabled=&#8220;0&#8243;]<\/p>\n<h1 style=\"text-align: center;\">Buchungsbedingungen<\/h1>\n<p>&nbsp;<\/p>\n<ul>\n<li style=\"text-align: justify;\">Kostenlose Stornierung bis 2 Monate vor dem vereinbarten Ankunftstag<\/li>\n<li style=\"text-align: justify;\">Bei Stornierung bis 1 Monat vor dem vereinbarten Ankunftstag fallen 50 % des Zimmerpreises an<\/li>\n<li style=\"text-align: justify;\">Bei Stornierungen innerhalb des letzten Monats vor dem vereinbarten Ankunftstag, bei versp\u00e4teter Ankunft, vorzeitiger Abreise oder Nichtankunft werden 75 % des Zimmerpreises berechnet<\/li>\n<li style=\"text-align: justify;\">Die Stornoerkl\u00e4rung muss in schriftlicher Form erfolgen. Dem Gast wird der Nachweis gestattet, dass dem Hotel Plakures durch die Stornierung bzw. versp\u00e4tete Ankunft, vorzeitiger Abreise,<br \/>Nichtankunft oder Aufl\u00f6sung des Vertrages ein Schaden oder eine Wertminderung \u00fcberhaupt nicht oder wesentlich niedriger als die betreffende Stornogeb\u00fchr entstanden ist.<\/li>\n<li style=\"text-align: justify;\">Wir empfehlen den Abschluss einer Reiser\u00fccktrittssversicherung<\/li>\n<\/ul>\n<p>[\/et_pb_text][\/et_pb_column][\/et_pb_row][\/et_pb_section]<\/p>\n","protected":false},"excerpt":{"rendered":"<p>PLAKURES \u2014 Hotel \u22c5 Restaurant \u22c5 Pool \u22c5 Bar \u2014\u00a0 UNSERE PREISLISTE 2024Vielen Dank f\u00fcr Ihr Interesse. Sie k\u00f6nnen im folgenden Link unsere Preisliste als PDF herunterladen.Preisliste 2024Buchungsbedingungen &nbsp; Kostenlose Stornierung bis 2 Monate vor dem vereinbarten Ankunftstag Bei Stornierung bis 1 Monat vor dem vereinbarten Ankunftstag fallen 50 % des Zimmerpreises an Bei Stornierungen [&hellip;]<\/p>\n","protected":false},"author":3,"featured_media":0,"parent":0,"menu_order":0,"comment_status":"closed","ping_status":"closed","template":"","meta":{"_acf_changed":false,"_et_pb_use_builder":"on","_et_pb_old_content":"","_et_gb_content_width":"","footnotes":""},"class_list":["post-1358","page","type-page","status-publish","hentry"],"acf":[],"yoast_head":"<!-- This site is optimized with the Yoast SEO Premium plugin v27.1 (Yoast SEO v27.3) - https:\/\/yoast.com\/product\/yoast-seo-premium-wordpress\/ -->\n<title>Preise &#8902; PLAKURES Holiday<\/title>\n<meta name=\"robots\" content=\"index, follow, max-snippet:-1, max-image-preview:large, max-video-preview:-1\" \/>\n<link rel=\"canonical\" href=\"https:\/\/www.plakures.holiday\/de\/preise\" \/>\n<meta property=\"og:locale\" content=\"de_DE\" \/>\n<meta property=\"og:type\" content=\"article\" \/>\n<meta property=\"og:title\" content=\"Preise &#8902; PLAKURES Holiday\" \/>\n<meta property=\"og:description\" content=\"PLAKURES \u2014 Hotel \u22c5 Restaurant \u22c5 Pool \u22c5 Bar \u2014\u00a0 UNSERE PREISLISTE 2024Vielen Dank f\u00fcr Ihr Interesse. Sie k\u00f6nnen im folgenden Link unsere Preisliste als PDF herunterladen.Preisliste 2024Buchungsbedingungen &nbsp; Kostenlose Stornierung bis 2 Monate vor dem vereinbarten Ankunftstag Bei Stornierung bis 1 Monat vor dem vereinbarten Ankunftstag fallen 50 % des Zimmerpreises an Bei Stornierungen [&hellip;]\" \/>\n<meta property=\"og:url\" content=\"https:\/\/www.plakures.holiday\/de\/preise\" \/>\n<meta property=\"og:site_name\" content=\"PLAKURES Holiday\" \/>\n<meta property=\"article:publisher\" content=\"https:\/\/www.facebook.com\/hotelplakures\/\" \/>\n<meta property=\"article:modified_time\" content=\"2023-12-28T14:50:27+00:00\" \/>\n<meta name=\"twitter:card\" content=\"summary_large_image\" \/>\n<meta name=\"twitter:label1\" content=\"Gesch\u00e4tzte Lesezeit\" \/>\n\t<meta name=\"twitter:data1\" content=\"8\u00a0Minuten\" \/>\n<script type=\"application\/ld+json\" class=\"yoast-schema-graph\">{\"@context\":\"https:\\\/\\\/schema.org\",\"@graph\":[{\"@type\":\"WebPage\",\"@id\":\"https:\\\/\\\/www.plakures.holiday\\\/de\\\/preise\",\"url\":\"https:\\\/\\\/www.plakures.holiday\\\/de\\\/preise\",\"name\":\"Preise &#8902; PLAKURES Holiday\",\"isPartOf\":{\"@id\":\"https:\\\/\\\/www.plakures.holiday\\\/de#website\"},\"datePublished\":\"2022-01-26T22:10:26+00:00\",\"dateModified\":\"2023-12-28T14:50:27+00:00\",\"inLanguage\":\"de\",\"potentialAction\":[{\"@type\":\"ReadAction\",\"target\":[\"https:\\\/\\\/www.plakures.holiday\\\/de\\\/preise\"]}]},{\"@type\":\"WebSite\",\"@id\":\"https:\\\/\\\/www.plakures.holiday\\\/de#website\",\"url\":\"https:\\\/\\\/www.plakures.holiday\\\/de\",\"name\":\"PLAKURES Holiday\",\"description\":\"\",\"alternateName\":\"Hotel Plakures Homepage\",\"potentialAction\":[{\"@type\":\"SearchAction\",\"target\":{\"@type\":\"EntryPoint\",\"urlTemplate\":\"https:\\\/\\\/www.plakures.holiday\\\/de?s={search_term_string}\"},\"query-input\":{\"@type\":\"PropertyValueSpecification\",\"valueRequired\":true,\"valueName\":\"search_term_string\"}}],\"inLanguage\":\"de\"}]}<\/script>\n<!-- \/ Yoast SEO Premium plugin. -->","yoast_head_json":{"title":"Preise &#8902; PLAKURES Holiday","robots":{"index":"index","follow":"follow","max-snippet":"max-snippet:-1","max-image-preview":"max-image-preview:large","max-video-preview":"max-video-preview:-1"},"canonical":"https:\/\/www.plakures.holiday\/de\/preise","og_locale":"de_DE","og_type":"article","og_title":"Preise &#8902; PLAKURES Holiday","og_description":"PLAKURES \u2014 Hotel \u22c5 Restaurant \u22c5 Pool \u22c5 Bar \u2014\u00a0 UNSERE PREISLISTE 2024Vielen Dank f\u00fcr Ihr Interesse. Sie k\u00f6nnen im folgenden Link unsere Preisliste als PDF herunterladen.Preisliste 2024Buchungsbedingungen &nbsp; Kostenlose Stornierung bis 2 Monate vor dem vereinbarten Ankunftstag Bei Stornierung bis 1 Monat vor dem vereinbarten Ankunftstag fallen 50 % des Zimmerpreises an Bei Stornierungen [&hellip;]","og_url":"https:\/\/www.plakures.holiday\/de\/preise","og_site_name":"PLAKURES Holiday","article_publisher":"https:\/\/www.facebook.com\/hotelplakures\/","article_modified_time":"2023-12-28T14:50:27+00:00","twitter_card":"summary_large_image","twitter_misc":{"Gesch\u00e4tzte Lesezeit":"8\u00a0Minuten"},"schema":{"@context":"https:\/\/schema.org","@graph":[{"@type":"WebPage","@id":"https:\/\/www.plakures.holiday\/de\/preise","url":"https:\/\/www.plakures.holiday\/de\/preise","name":"Preise &#8902; PLAKURES Holiday","isPartOf":{"@id":"https:\/\/www.plakures.holiday\/de#website"},"datePublished":"2022-01-26T22:10:26+00:00","dateModified":"2023-12-28T14:50:27+00:00","inLanguage":"de","potentialAction":[{"@type":"ReadAction","target":["https:\/\/www.plakures.holiday\/de\/preise"]}]},{"@type":"WebSite","@id":"https:\/\/www.plakures.holiday\/de#website","url":"https:\/\/www.plakures.holiday\/de","name":"PLAKURES Holiday","description":"","alternateName":"Hotel Plakures Homepage","potentialAction":[{"@type":"SearchAction","target":{"@type":"EntryPoint","urlTemplate":"https:\/\/www.plakures.holiday\/de?s={search_term_string}"},"query-input":{"@type":"PropertyValueSpecification","valueRequired":true,"valueName":"search_term_string"}}],"inLanguage":"de"}]}},"_links":{"self":[{"href":"https:\/\/www.plakures.holiday\/de\/wp-json\/wp\/v2\/pages\/1358","targetHints":{"allow":["GET"]}}],"collection":[{"href":"https:\/\/www.plakures.holiday\/de\/wp-json\/wp\/v2\/pages"}],"about":[{"href":"https:\/\/www.plakures.holiday\/de\/wp-json\/wp\/v2\/types\/page"}],"author":[{"embeddable":true,"href":"https:\/\/www.plakures.holiday\/de\/wp-json\/wp\/v2\/users\/3"}],"replies":[{"embeddable":true,"href":"https:\/\/www.plakures.holiday\/de\/wp-json\/wp\/v2\/comments?post=1358"}],"version-history":[{"count":0,"href":"https:\/\/www.plakures.holiday\/de\/wp-json\/wp\/v2\/pages\/1358\/revisions"}],"wp:attachment":[{"href":"https:\/\/www.plakures.holiday\/de\/wp-json\/wp\/v2\/media?parent=1358"}],"curies":[{"name":"wp","href":"https:\/\/api.w.org\/{rel}","templated":true}]}}