{"id":85,"date":"2020-06-11T15:29:03","date_gmt":"2020-06-11T13:29:03","guid":{"rendered":"https:\/\/www.plakures.holiday\/?page_id=85"},"modified":"2026-01-19T11:09:29","modified_gmt":"2026-01-19T10:09:29","slug":"impressum","status":"publish","type":"page","link":"https:\/\/www.plakures.holiday\/de\/impressum","title":{"rendered":"Impressum"},"content":{"rendered":"\n<h2 class=\"wp-block-heading\" id=\"h-inhaber-der-webseite\">Inhaber der Webseite<\/h2>\n\n\n\n<p>Firmenname:<br>PLAKURES XENODOCHEIAKI S.A.<br>(\u03a0\u039b\u0391\u039a\u039f\u03a5\u03a1\u0395\u03a3 \u039e\u0395\u039d\u039f\u0394\u039f\u03a7\u0395\u0399\u0391\u039a\u0397 \u0391\u039d\u03a9\u039d\u03a5\u039c\u0397 \u0395\u03a4\u0391\u0399\u03a1\u0395\u0399\u0391)<\/p>\n\n\n\n<p>Handelsname:<br>Hotel Plakures<\/p>\n\n\n\n<p>Rechtsform:<br>Aktiengesellschaft nach griechischem Recht (S.A. \/ \u0391\u0395)<\/p>\n\n\n\n<p>Sitz der Gesellschaft:<br>Phalasarna, 73400Kissamos, Chania<br>Griechenland<\/p>\n\n\n\n<p>Umsatzsteuer-Identifikationsnummer (VAT):<br>094210181<\/p>\n\n\n\n<p>Zust\u00e4ndiges Finanzamt:<br>Chania (\u0394\u039f\u03a5 \u03a7\u03b1\u03bd\u03af\u03c9\u03bd)<\/p>\n\n\n\n<p>Handelsregister:<br>General Commercial Registry (GEMI)<br>Registernummer: 121894158000<\/p>\n\n\n\n<p>Gesetzlicher Vertreter:<br>Georgios Vagionakis<\/p>\n\n\n\n<p>Kontakt:<br>Telefon: +30 2822041581<br>E-Mail: info@plakures.holiday<\/p>\n\n\n\n<p><strong>Plakures A.E<\/strong><br>Falassarna T.O.12<br>73400 Kissamos<br>Kreta \u2013 Greece<\/p>\n\n\n\n<p><strong>Griechenland<\/strong><br><strong>Telefon<\/strong>: <a href=\"tel:+30 28220 41581\">+30 28220 41581<\/a><br><strong>Fax<\/strong>: +30 28220 41781<br><strong>Email<\/strong>: <a href=\"mailto:info@plakures.holiday\">info@plakures.holiday<\/a><\/p>\n\n\n\n<p><\/p>\n\n\n\n<h2 class=\"wp-block-heading\" id=\"h-verantwortlich-fur-den-inhalt-nach-55-abs-2-rstv\">Verantwortlich f\u00fcr den Inhalt nach \u00a7 55 Abs. 2 RStV<\/h2>\n\n\n\n<p>Achilleas Vagionakis<\/p>\n\n\n\n<h2 class=\"wp-block-heading\" id=\"h-online-streitbeilegung\">Online-Streitbeilegung<\/h2>\n\n\n\n<p>Die Europ\u00e4ische Kommission stellt eine Plattform zur Online-Streitbeilegung (OS) bereit, die Sie unter <a href=\"http:\/\/ec.europa.eu\/consumers\/odr\/\" target=\"_blank\" rel=\"noreferrer noopener nofollow\">http:\/\/ec.europa.eu\/consumers\/odr\/<\/a> finden. Unsere Email-Adresse lautet&nbsp;<a href=\"mailto:info@plakures.holiday\">info@plakures.holiday<\/a>. Wir sind nicht bereit und nicht verpflichtet, an einem Streitbeilegungsverfahren vor einer Verbraucherschlichtungsstelle teilzunehmen.<\/p>\n\n\n\n<h2 class=\"wp-block-heading\" id=\"h-haftung\">Haftung<\/h2>\n\n\n\n<p>Als Diensteanbieter sind wir gem\u00e4\u00df \u00a7 7 Abs.1 TMG f\u00fcr eigene Inhalte auf diesen Seiten nach den allgemeinen Gesetzen verantwortlich. Nach \u00a7\u00a7 8 bis 10 TMG sind wir als Diensteanbieter jedoch nicht verpflichtet, \u00fcbermittelte oder gespeicherte fremde Informationen zu \u00fcberwachen oder nach Umst\u00e4nden zu forschen, die auf eine rechtswidrige T\u00e4tigkeit hinweisen. F\u00fcr die Richtigkeit, Vollst\u00e4ndigkeit und Aktualit\u00e4t der Inhalte, wiedergegebener Daten, Fakten usw. k\u00f6nnen wir trotz gr\u00f6\u00dfter Sorgfalt bei der Erstellung der Seiten keine Gew\u00e4hr \u00fcbernehmen. Wir haften dar\u00fcber hinaus nicht f\u00fcr Inhalte von Seiten auf die wir keinerlei Einfluss haben. Wir sind nicht verpflichtet, fremde Informationen zu \u00fcberwachen oder nach Umst\u00e4nden zu forschen, die auf eine rechtswidrige T\u00e4tigkeit hinweisen. Verpflichtungen zur Entfernung oder Sperrung der Nutzung von Informationen nach den allgemeinen Gesetzen bleiben hiervon unber\u00fchrt. Eine diesbez\u00fcgliche Haftung ist jedoch erst ab dem Zeitpunkt der Kenntnis einer konkreten Rechtsverletzung m\u00f6glich. Bei Bekanntwerden von entsprechenden Rechtsverletzungen werden Inhalte, auf die Einflussnahmem\u00f6glichkeiten bestehen, unverz\u00fcglich entfernt. Soweit Links zu Webseiten anderer Anbieter vorhanden sind, haben wir auf deren Inhalte keinen Einfluss. Aus diesem Grunde kann f\u00fcr diese (fremden) Inhalte auch keine Gew\u00e4hr und Haftung \u00fcbernommen werden. F\u00fcr die Inhalte der verlinkten Seiten ist stets der jeweilige Anbieter oder Betreiber der Seiten verantwortlich. Die verlinkten Seiten wurden zum Zeitpunkt der Verlinkung auf m\u00f6gliche Rechtsverst\u00f6\u00dfe und erkennbare Rechtsverletzungen gepr\u00fcft. Rechtswidrige Inhalte waren zum Zeitpunkt der Verlinkung nicht erkennbar. Eine permanente inhaltliche Kontrolle der verlinkten Seiten ist jedoch ohne konkrete Anhaltspunkte einer Rechtsverletzung nicht zumutbar. Bei Bekanntwerden von Rechtsverletzungen werden derartige Links umgehend entfernt.<\/p>\n\n\n\n<h2 class=\"wp-block-heading\" id=\"h-copyright\">Copyright<\/h2>\n\n\n\n<p>Die Betreiber der Seiten sind bem\u00fcht, stets die Urheberrechte anderer zu beachten bzw. auf selbst erstellte sowie lizenzfreie Werke zur\u00fcckzugreifen. Die durch die Seitenbetreiber erstellten Inhalte und Werke auf diesen Seiten unterliegen dem deutschen Urheberrecht. Beitr\u00e4ge Dritter sind als solche gekennzeichnet. Die Vervielf\u00e4ltigung, Bearbeitung, Verbreitung und jede Art der Verwertung au\u00dferhalb der Grenzen des Urheberrechtes bed\u00fcrfen der schriftlichen Zustimmung des jeweiligen Autors bzw. Erstellers. Downloads und Kopien dieser Seite sind nur f\u00fcr den privaten, nicht f\u00fcr den kommerziellen Gebrauch gestattet. Soweit auf unseren Seiten personenbezogene Daten (beispielsweise Name, Anschrift oder eMail-Adressen) erhoben werden, erfolgt dies soweit m\u00f6glich stets auf freiwilliger Basis. Die Nutzung der Angebote und Dienste ist, soweit m\u00f6glich, stets ohne Angabe personenbezogener Daten m\u00f6glich. Der Nutzung von im Rahmen der Impressumspflicht ver\u00f6ffentlichten Kontaktdaten durch Dritte zur \u00dcbersendung von nicht ausdr\u00fccklich angeforderter Werbung und Informationsmaterialien wird hiermit ausdr\u00fccklich widersprochen. Die Betreiber der Seiten behalten sich ausdr\u00fccklich rechtliche Schritte im Falle der unverlangten Zusendung von Werbeinformationen, etwa durch Spam-Mails, vor.<\/p>\n","protected":false},"excerpt":{"rendered":"<p>Inhaber der Webseite Firmenname:PLAKURES XENODOCHEIAKI S.A.(\u03a0\u039b\u0391\u039a\u039f\u03a5\u03a1\u0395\u03a3 \u039e\u0395\u039d\u039f\u0394\u039f\u03a7\u0395\u0399\u0391\u039a\u0397 \u0391\u039d\u03a9\u039d\u03a5\u039c\u0397 \u0395\u03a4\u0391\u0399\u03a1\u0395\u0399\u0391) Handelsname:Hotel Plakures Rechtsform:Aktiengesellschaft nach griechischem Recht (S.A. \/ \u0391\u0395) Sitz der Gesellschaft:Phalasarna, 73400Kissamos, ChaniaGriechenland Umsatzsteuer-Identifikationsnummer (VAT):094210181 Zust\u00e4ndiges Finanzamt:Chania (\u0394\u039f\u03a5 \u03a7\u03b1\u03bd\u03af\u03c9\u03bd) Handelsregister:General Commercial Registry (GEMI)Registernummer: 121894158000 Gesetzlicher Vertreter:Georgios Vagionakis Kontakt:Telefon: +30 2822041581E-Mail: info@plakures.holiday Plakures A.EFalassarna T.O.1273400 KissamosKreta \u2013 Greece GriechenlandTelefon: +30 28220 41581Fax: +30 28220 41781Email: info@plakures.holiday [&hellip;]<\/p>\n","protected":false},"author":1,"featured_media":0,"parent":0,"menu_order":401,"comment_status":"closed","ping_status":"closed","template":"","meta":{"_acf_changed":false,"_et_pb_use_builder":"","_et_pb_old_content":"","_et_gb_content_width":"","footnotes":""},"class_list":["post-85","page","type-page","status-publish","hentry"],"acf":[],"yoast_head":"<!-- This site is optimized with the Yoast SEO Premium plugin v27.1 (Yoast SEO v27.5) - https:\/\/yoast.com\/product\/yoast-seo-premium-wordpress\/ -->\n<title>Impressum &#8902; PLAKURES Holiday<\/title>\n<meta name=\"robots\" content=\"index, follow, max-snippet:-1, max-image-preview:large, max-video-preview:-1\" \/>\n<link rel=\"canonical\" href=\"https:\/\/www.plakures.holiday\/de\/impressum\" \/>\n<meta property=\"og:locale\" content=\"de_DE\" \/>\n<meta property=\"og:type\" content=\"article\" \/>\n<meta property=\"og:title\" content=\"Impressum &#8902; PLAKURES Holiday\" \/>\n<meta property=\"og:description\" content=\"Inhaber der Webseite Firmenname:PLAKURES XENODOCHEIAKI S.A.(\u03a0\u039b\u0391\u039a\u039f\u03a5\u03a1\u0395\u03a3 \u039e\u0395\u039d\u039f\u0394\u039f\u03a7\u0395\u0399\u0391\u039a\u0397 \u0391\u039d\u03a9\u039d\u03a5\u039c\u0397 \u0395\u03a4\u0391\u0399\u03a1\u0395\u0399\u0391) Handelsname:Hotel Plakures Rechtsform:Aktiengesellschaft nach griechischem Recht (S.A. \/ \u0391\u0395) Sitz der Gesellschaft:Phalasarna, 73400Kissamos, ChaniaGriechenland Umsatzsteuer-Identifikationsnummer (VAT):094210181 Zust\u00e4ndiges Finanzamt:Chania (\u0394\u039f\u03a5 \u03a7\u03b1\u03bd\u03af\u03c9\u03bd) Handelsregister:General Commercial Registry (GEMI)Registernummer: 121894158000 Gesetzlicher Vertreter:Georgios Vagionakis Kontakt:Telefon: +30 2822041581E-Mail: info@plakures.holiday Plakures A.EFalassarna T.O.1273400 KissamosKreta \u2013 Greece GriechenlandTelefon: +30 28220 41581Fax: +30 28220 41781Email: info@plakures.holiday [&hellip;]\" \/>\n<meta property=\"og:url\" content=\"https:\/\/www.plakures.holiday\/de\/impressum\" \/>\n<meta property=\"og:site_name\" content=\"PLAKURES Holiday\" \/>\n<meta property=\"article:publisher\" content=\"https:\/\/www.facebook.com\/hotelplakures\/\" \/>\n<meta property=\"article:modified_time\" content=\"2026-01-19T10:09:29+00:00\" \/>\n<meta name=\"twitter:card\" content=\"summary_large_image\" \/>\n<meta name=\"twitter:label1\" content=\"Gesch\u00e4tzte Lesezeit\" \/>\n\t<meta name=\"twitter:data1\" content=\"3\u00a0Minuten\" \/>\n<script type=\"application\/ld+json\" class=\"yoast-schema-graph\">{\"@context\":\"https:\\\/\\\/schema.org\",\"@graph\":[{\"@type\":\"WebPage\",\"@id\":\"https:\\\/\\\/www.plakures.holiday\\\/de\\\/impressum\",\"url\":\"https:\\\/\\\/www.plakures.holiday\\\/de\\\/impressum\",\"name\":\"Impressum &#8902; PLAKURES Holiday\",\"isPartOf\":{\"@id\":\"https:\\\/\\\/www.plakures.holiday\\\/de#website\"},\"datePublished\":\"2020-06-11T13:29:03+00:00\",\"dateModified\":\"2026-01-19T10:09:29+00:00\",\"inLanguage\":\"de\",\"potentialAction\":[{\"@type\":\"ReadAction\",\"target\":[\"https:\\\/\\\/www.plakures.holiday\\\/de\\\/impressum\"]}]},{\"@type\":\"WebSite\",\"@id\":\"https:\\\/\\\/www.plakures.holiday\\\/de#website\",\"url\":\"https:\\\/\\\/www.plakures.holiday\\\/de\",\"name\":\"PLAKURES Holiday\",\"description\":\"\",\"alternateName\":\"Hotel Plakures Homepage\",\"potentialAction\":[{\"@type\":\"SearchAction\",\"target\":{\"@type\":\"EntryPoint\",\"urlTemplate\":\"https:\\\/\\\/www.plakures.holiday\\\/de?s={search_term_string}\"},\"query-input\":{\"@type\":\"PropertyValueSpecification\",\"valueRequired\":true,\"valueName\":\"search_term_string\"}}],\"inLanguage\":\"de\"}]}<\/script>\n<!-- \/ Yoast SEO Premium plugin. -->","yoast_head_json":{"title":"Impressum &#8902; PLAKURES Holiday","robots":{"index":"index","follow":"follow","max-snippet":"max-snippet:-1","max-image-preview":"max-image-preview:large","max-video-preview":"max-video-preview:-1"},"canonical":"https:\/\/www.plakures.holiday\/de\/impressum","og_locale":"de_DE","og_type":"article","og_title":"Impressum &#8902; PLAKURES Holiday","og_description":"Inhaber der Webseite Firmenname:PLAKURES XENODOCHEIAKI S.A.(\u03a0\u039b\u0391\u039a\u039f\u03a5\u03a1\u0395\u03a3 \u039e\u0395\u039d\u039f\u0394\u039f\u03a7\u0395\u0399\u0391\u039a\u0397 \u0391\u039d\u03a9\u039d\u03a5\u039c\u0397 \u0395\u03a4\u0391\u0399\u03a1\u0395\u0399\u0391) Handelsname:Hotel Plakures Rechtsform:Aktiengesellschaft nach griechischem Recht (S.A. \/ \u0391\u0395) Sitz der Gesellschaft:Phalasarna, 73400Kissamos, ChaniaGriechenland Umsatzsteuer-Identifikationsnummer (VAT):094210181 Zust\u00e4ndiges Finanzamt:Chania (\u0394\u039f\u03a5 \u03a7\u03b1\u03bd\u03af\u03c9\u03bd) Handelsregister:General Commercial Registry (GEMI)Registernummer: 121894158000 Gesetzlicher Vertreter:Georgios Vagionakis Kontakt:Telefon: +30 2822041581E-Mail: info@plakures.holiday Plakures A.EFalassarna T.O.1273400 KissamosKreta \u2013 Greece GriechenlandTelefon: +30 28220 41581Fax: +30 28220 41781Email: info@plakures.holiday [&hellip;]","og_url":"https:\/\/www.plakures.holiday\/de\/impressum","og_site_name":"PLAKURES Holiday","article_publisher":"https:\/\/www.facebook.com\/hotelplakures\/","article_modified_time":"2026-01-19T10:09:29+00:00","twitter_card":"summary_large_image","twitter_misc":{"Gesch\u00e4tzte Lesezeit":"3\u00a0Minuten"},"schema":{"@context":"https:\/\/schema.org","@graph":[{"@type":"WebPage","@id":"https:\/\/www.plakures.holiday\/de\/impressum","url":"https:\/\/www.plakures.holiday\/de\/impressum","name":"Impressum &#8902; PLAKURES Holiday","isPartOf":{"@id":"https:\/\/www.plakures.holiday\/de#website"},"datePublished":"2020-06-11T13:29:03+00:00","dateModified":"2026-01-19T10:09:29+00:00","inLanguage":"de","potentialAction":[{"@type":"ReadAction","target":["https:\/\/www.plakures.holiday\/de\/impressum"]}]},{"@type":"WebSite","@id":"https:\/\/www.plakures.holiday\/de#website","url":"https:\/\/www.plakures.holiday\/de","name":"PLAKURES Holiday","description":"","alternateName":"Hotel Plakures Homepage","potentialAction":[{"@type":"SearchAction","target":{"@type":"EntryPoint","urlTemplate":"https:\/\/www.plakures.holiday\/de?s={search_term_string}"},"query-input":{"@type":"PropertyValueSpecification","valueRequired":true,"valueName":"search_term_string"}}],"inLanguage":"de"}]}},"_links":{"self":[{"href":"https:\/\/www.plakures.holiday\/de\/wp-json\/wp\/v2\/pages\/85","targetHints":{"allow":["GET"]}}],"collection":[{"href":"https:\/\/www.plakures.holiday\/de\/wp-json\/wp\/v2\/pages"}],"about":[{"href":"https:\/\/www.plakures.holiday\/de\/wp-json\/wp\/v2\/types\/page"}],"author":[{"embeddable":true,"href":"https:\/\/www.plakures.holiday\/de\/wp-json\/wp\/v2\/users\/1"}],"replies":[{"embeddable":true,"href":"https:\/\/www.plakures.holiday\/de\/wp-json\/wp\/v2\/comments?post=85"}],"version-history":[{"count":0,"href":"https:\/\/www.plakures.holiday\/de\/wp-json\/wp\/v2\/pages\/85\/revisions"}],"wp:attachment":[{"href":"https:\/\/www.plakures.holiday\/de\/wp-json\/wp\/v2\/media?parent=85"}],"curies":[{"name":"wp","href":"https:\/\/api.w.org\/{rel}","templated":true}]}}